{"id":1639,"date":"2017-02-05T15:42:49","date_gmt":"2017-02-05T14:42:49","guid":{"rendered":"http:\/\/malcolmserben.de\/?page_id=1639"},"modified":"2017-02-05T15:56:17","modified_gmt":"2017-02-05T14:56:17","slug":"datenschutz","status":"publish","type":"page","link":"https:\/\/malcolmserben.de\/?page_id=1639","title":{"rendered":"Datenschutz"},"content":{"rendered":"<hr>\n<p>Letzte Aktualisierung: 5. Februar 2017<\/p>\n<p>Diese Webseite kann personenbezogene Daten von ihren Nutzern erheben.<\/p>\n<h2>1. Verantwortliche Stelle und Eigent\u00fcmer<\/h2>\n<p>Regina und Hansalfred Ziemer<br \/>\nTh\u00fcringer Strasse 1<br \/>\n16547 Birkenwerder<\/p>\n<p>Tel: 03303 \/ 501 401<br \/>\nFax: 03303 \/ 508 512<\/p>\n<p>Mail: hansalfred.ziemer@web.de<\/p>\n<h2>2. Arten der erhobenen Daten<\/h2>\n<p>Zu den Arten der bezogenen Daten, die diese Webseite entweder selbst oder \u00fcber Dritte erhebt, geh\u00f6ren: nutzerbezogene Angaben bei Ihrer Eingabe von Kommentare wie Name, Telefonnummer, E-Mail<\/p>\n<p>Die Erhebung weiterer personenbezogener Daten kann in anderen Teilen dieser Datenschutzerkl\u00e4rung oder in einem sich spezifisch auf das Thema Datenerhebung beziehenden Erl\u00e4uterungstext beschrieben werden.<\/p>\n<p>Die personenbezogenen Daten werden entweder vom Nutzer freiwillig zur Verf\u00fcgung gestellt oder automatisch erhoben, wenn diese Webseite genutzt wird.<\/p>\n<p>Soweit nichts anderes angegeben ist, dient der Einsatz von Cookies \u2013 bzw. anderer Tracking-Tools \u2013 durch diese Webseite oder durch die Inhaber von Fremdleistungen der Identifizierung von Nutzern sowie der Speicherung des Nutzungsverhalten zu dem Zweck, die vom Nutzer gew\u00fcnschten Informationen zu erbringen und die Webseite zu verbessern.<\/p>\n<p>Werden bestimmte personenbezogene Daten nicht zur Verf\u00fcgung gestellt, so kann diese Webseite ihre Funktionen m\u00f6glicherweise nicht erbringen.<\/p>\n<p>Sollten personenbezogene Daten Dritter durch den Nutzer \u00fcber diese Webseite ver\u00f6ffentlicht oder geteilt werden, \u00fcbernimmt der Nutzer die Verantwortung f\u00fcr die personenbezogenen Daten Dritter, die \u00fcber diese Webseite ver\u00f6ffentlicht oder geteilt werden, und erkl\u00e4rt, dass er zur Angabe bzw. Bekanntgabe besagter Daten berechtigt ist, womit die verantwortliche Stelle diesbez\u00fcglich von jeglicher Verantwortung befreit ist.<\/p>\n<h2>3. Methode und Ort der Datenverarbeitung<\/h2>\n<h3>3.1. Verarbeitungsmethoden<\/h3>\n<p>Die verantwortliche Stelle verarbeitet die Nutzerdaten auf ordnungsgem\u00e4\u00dfe Weise und ergreift angemessene Sicherheitsma\u00dfnahmen, um den unbefugten Zugriff und die unbefugte Weiterleitung, Modifizierung oder Vernichtung von Daten zu vermeiden.<\/p>\n<p>Die Datenverarbeitung wird mittels Computern oder IT-basierten Systemen durchgef\u00fchrt, einem organisatorischen Verfahren und Modus folgend die strikt auf die angegebenen Zwecke abzielen. Neben der verantwortlichen Stelle wird m\u00f6glicherweise auch bestimmten Kategorien von Verantwortlichen Zugriff auf die Daten gew\u00e4hrt, die an der Betreibung der Website beteiligt sind (Systemadministratoren) oder externen Parteien (wie Fremdanbietern technischer Dienstleistungen, Zustellunternehmen, Hosting-Anbietern, IT-Unternehmen oder Kommunkationsagenturen), die, falls notwendig, von der verantwortlichen Stelle als Auftragsverarbeiter eingesetzt werden. Eine aktuelle Liste dieser Beteiligten kann jederzeit von der verantwortlichen Stelle verlangt werden.<\/p>\n<h3>3.2. Ort<\/h3>\n<p>Die Daten werden in Rechenzentren gespeichert, die auf dem Gebiet der Bundesrepublik Deutschland betrieben werden, und an allen anderen Orten, an denen sich die mit der Datenverarbeitung beteiligten Parteien befinden, verarbeitet. F\u00fcr weitere Informationen, kontaktieren Sie bitte die verantwortliche Stelle.<\/p>\n<h3>3.3. Speicherdauer<\/h3>\n<p>Die Daten werden so lange gespeichert, wie es f\u00fcr das Erbringen der vom Nutzer gew\u00fcnschten Informationen notwendig ist oder f\u00fcr die in diesem Dokument aufgef\u00fchrten Zwecke angegeben ist. Der Nutzer kann die verantwortliche Stelle jederzeit auffordern, die Daten zu sperren oder zu entfernen. Kommentare werden nicht periodisch entfernt.<\/p>\n<h2>4. Nutzung der erhobenen Daten<\/h2>\n<p>Die Daten \u00fcber den Nutzer werden erhoben, damit die verantwortliche Stelle die webseitenspezifischen Informationen erbringen kann. Dar\u00fcber hinaus werden Daten zu folgenden Zwecken erhoben: Kontaktieren des Nutzers<\/p>\n<p>Die personenbezogenen Daten, die zu den aufgef\u00fchrten Zwecken verwendet werden, sind in den jeweiligen Abschnitten dieses Dokuments aufgef\u00fchrt.<\/p>\n<h2>5. Ausf\u00fchrliche Angaben \u00fcber die Verarbeitung personenbezogener Daten<\/h2>\n<p>Personenbezogene Daten werden zu folgenden Zwecken unter Inanspruchnahme folgender Dienstleistungen erhoben:<\/p>\n<h3>Kommentarfunktion<\/h3>\n<p>Mit der Kommentierung von Beitragen werden vom Nutzer nutzerspezifische Informationen, wie Name und E-Mail-Adresse, abgefragt. Der Nutzer erkl\u00e4rt sich mit der Speicherung dieser Informationen einverstanden, wenn er die Kommentarfunktion nutzt.<\/p>\n<h3>Kontaktformular<\/h3>\n<p>Durch Ausf\u00fcllen des Kontaktformulars mit ihren Daten autorisieren Nutzer diese Webseite, ihre Angaben zu verwenden, um auf Bitten nach Informationen, Angebote oder sonstige Anfragen zu reagieren.<br \/>\nErhobene personenbezogene Daten: Adresse, E-Mail, Nachname, Vorname, Telefonnummer.<\/p>\n<h2>6. Weitere Informationen \u00fcber die Erhebung und Verarbeitung von Daten<\/h2>\n<h3>6.1. Rechtliche Ma\u00dfnahmen<\/h3>\n<p>Die personenbezogenen Daten des Nutzers k\u00f6nnen von der verantwortlichen Stelle zu rechtlichen Zwecken in gerichtlichen Verfahren oder vor m\u00f6glichen Klagen verwendet werden, die sich daraus ergeben, dass diese Webseite oder die dazugeh\u00f6rigen Dienste nicht ordnungsgem\u00e4\u00df genutzt wurden.<\/p>\n<p>Der Nutzer ist sich dessen bewusst, dass die verantwortliche Stelle von den Beh\u00f6rden zur Herausgabe von personenbezogenen Daten aufgefordert werden k\u00f6nnte.<\/p>\n<h3>6.2. Weitere Informationen \u00fcber die personenbezogenen Daten des Nutzers<\/h3>\n<p>Neben den in dieser Datenschutzerkl\u00e4rung aufgef\u00fchrten Informationen kann diese Webseite dem Nutzer auf Anfrage Informationen zusenden, die sich auf bestimmte Dienste oder die Erhebung und Verarbeitung personenbezogener Daten beziehen.<\/p>\n<h3>6.3. Systemprotokolle und Wartung<\/h3>\n<p>Diese Webseite und die Dienste von Drittanbietern k\u00f6nnen zu Betriebs- und Wartungszwecken Dateien sammeln, die die \u00fcber diese Webseite stattfindende Interaktion aufzeichnen (Systemprotokolle), oder andere personenbezogene Daten (z. B. IP-Adresse) zu diesem Zweck verwenden.<\/p>\n<h3>6.4. Nicht in dieser Datenschutzerkl\u00e4rung enthaltene Informationen<\/h3>\n<p>Weitere Informationen \u00fcber die Erhebung oder Verarbeitung von personenbezogenen Daten k\u00f6nnen jederzeit von der verantwortlichen Stelle \u00fcber die angegebenen Kontaktangaben angefordert werden.<\/p>\n<h3>6.5. Rechte von Nutzern<\/h3>\n<p>Nutzer sind jederzeit berechtigt zu erfahren, ob ihre personenbezogenen Daten gespeichert wurden, und k\u00f6nnen die verantwortliche Stelle kontaktieren, um die Inhalte und Herkunft der gespeicherten Daten zu erfahren, ihre Richtigkeit zu \u00fcberpr\u00fcfen, ihre Erg\u00e4nzung, L\u00f6schung, Aktualisierung, Berichtigung oder Umwandlung in ein anonymisiertes Format oder die Sperrung rechtswidrig gespeicherter Daten zu verlangen sowie ihre Verarbeitung aus rechtm\u00e4\u00dfigen Gr\u00fcnden abzulehnen. Entsprechende Anfragen sind an die verantwortliche Stelle unter Verwendung der oben aufgef\u00fchrten Kontaktangaben zu senden.<\/p>\n<p>Diese Webseite unterst\u00fctzt keine Nicht-Verfolgen-Anfragen (do not track) durch Webbrowser.<\/p>\n<p>Die Information, ob benutzte Drittanbieter das Nicht-Verfolgen Protokoll befolgen, entnehmen Sie bitte der Datenschutzerkl\u00e4rung f\u00fcr den jeweiligen Dienst.<\/p>\n<h2>7. \u00c4nderungen dieser Datenschutzerkl\u00e4rung<\/h2>\n<p>Die verantwortliche Stelle beh\u00e4lt sich vor, jederzeit \u00c4nderungen an dieser Datenschutzerkl\u00e4rung vorzunehmen, indem sie ihre Nutzer auf dieser Seite entsprechend informiert. Nutzern wird daher nahe gelegt, diese Seite regelm\u00e4\u00dfig aufzurufen und dabei das am Seitenende angegebene Datum der letzten \u00c4nderung zu pr\u00fcfen. Lehnt ein Nutzer eine \u00c4nderung der Datenschutzerkl\u00e4rung ab, so darf er diese Webseite nicht mehr nutzen und kann die verantwortliche Stelle auffordern, seine personenbezogenen Daten zu l\u00f6schen. Soweit nichts anderes angegeben ist, gilt die jeweils aktuelle Datenschutzerkl\u00e4rung f\u00fcr alle personenbezogenen Daten, die die verantwortliche Stelle \u00fcber einen Nutzer gespeichert hat.<\/p>\n<h2>8. Begriffsbestimmungen und rechtliche Hinweise<\/h2>\n<h3>Personenbezogene Daten (oder Daten)<\/h3>\n<p>Angaben \u00fcber eine nat\u00fcrliche oder juristische Person, Institution oder Gesellschaft, die durch Bezug auf andere Angaben (einschlie\u00dflich einer pers\u00f6nlichen Identifikationsnummer) \u2013 auch indirekt \u2013 bestimmt wird oder bestimmbar ist.<\/p>\n<h3>Nutzungsdaten<\/h3>\n<p>Informationen, die diese Webseite (oder Dienste Dritter, die diese Webseite in Anspruch nimmt), automatisch erhebt, z. B.: die IP-Adressen oder Domain-Namen der Computer von Nutzern, die diese Webseite verwenden, die URI-Adressen (Uniform Resource Identifier), die Zeit der Anfrage, die Methode, die f\u00fcr die \u00dcbersendung der Anfrage an den Server verwendet wurde, die Gr\u00f6\u00dfe der empfangenen Antwort-Datei, der Zahlencode, der den Status der Server-Antwort anzeigt (erfolgreiches Ergebnis, Fehler etc.), das Herkunftsland, die Funktionen des vom Nutzer verwendeten Browsers und Betriebssystems, die diversen Zeitangaben pro Aufruf (z. B. wie viel Zeit auf jeder Seite der Webseite verbracht wurde) und Angaben \u00fcber den Pfad, dem innerhalb einer Webseite gefolgt wurde, insbesondere die Reihenfolge der besuchten Seiten, sowie sonstige Informationen \u00fcber das Betriebssystem des Ger\u00e4ts und\/oder die IT-Umgebung des Nutzers.<\/p>\n<h3>Nutzer<\/h3>\n<p>Die diese Webseite verwendende Person, auf die sich die personenbezogenen Daten beziehen, und die entweder der Dateninhaber sein muss oder die vom Dateninhaber bevollm\u00e4chtigt wurde.<\/p>\n<h3>Dateninhaber<\/h3>\n<p>Die juristische oder nat\u00fcrliche Person, auf die sich die personenbezogenen Daten beziehen, im Allgemeinen der Nutzer.<\/p>\n<h3>Datenverarbeiter<\/h3>\n<p>Die nat\u00fcrliche oder juristische Person, \u00f6ffentliche Verwaltung oder ein sonstiges Organ, eine sonstige Gesellschaft oder sonstige Organisation, die bzw. das von der verantwortlichen Stelle bevollm\u00e4chtigt wurde, die personenbezogenen Daten gem\u00e4\u00df dieser Datenschutzerkl\u00e4rung zu verarbeiten.<\/p>\n<h3>Verantwortliche Stelle<\/h3>\n<p>Die nat\u00fcrliche oder juristische Person, \u00f6ffentliche Verwaltung oder ein sonstiges Organ, eine sonstige Gesellschaft oder sonstige Organisation mit dem Recht, m\u00f6glicherweise gemeinsam mit einer weiteren verantwortlichen Stelle Entscheidungen \u00fcber den Zweck und die Methoden der Verarbeitung von personenbezogenen Daten sowie die hierf\u00fcr verwendeten Mittel zu treffen, einschlie\u00dflich der Sicherheitsma\u00dfnahmen bez\u00fcglich des sich auf diese Webseite beziehenden Betriebs und der Nutzung. Soweit nichts anderes angegeben ist, ist die verantwortliche Stelle die nat\u00fcrliche oder juristische Person, in deren Eigentum diese Webseite steht.<\/p>\n<h3>Diese Webseite<\/h3>\n<p>Das Hardware- oder Software-System, mit dem die personenbezogenen Daten des Nutzers erhoben werden.<\/p>\n<h2>9. Rechtlicher Hinweis<\/h2>\n<p>Hinweis f\u00fcr europ\u00e4ische Nutzer: Diese Datenschutzerkl\u00e4rung wurde unter Einhaltung der Anforderungen von Art. 10 der EG-Richtlinie Nr. 95\/46\/EC und gem\u00e4\u00df den Bestimmungen der Richtlinie 2002\/58\/EG, \u00fcberarbeitet durch Richtlinie 2009\/136\/EG, zum Thema Cookies verfasst.<\/p>\n<p>In dieser Datenschutzerkl\u00e4rung geht es ausschlie\u00dflich um die Webseite &#8222;Terrierzwinger von Sir Malcolms Erben&#8220;.<\/p>\n<hr>\n<p>&nbsp;<\/p>\n","protected":false},"excerpt":{"rendered":"<p>Letzte Aktualisierung: 5. Februar 2017 Diese Webseite kann personenbezogene Daten von ihren Nutzern erheben. 1. Verantwortliche Stelle und Eigent\u00fcmer Regina und Hansalfred Ziemer Th\u00fcringer Strasse 1 16547 Birkenwerder Tel: 03303 \/ 501 401 Fax: 03303 \/ 508 512 Mail: hansalfred.ziemer@web.de &hellip; <a href=\"https:\/\/malcolmserben.de\/?page_id=1639\">Weiterlesen <span class=\"meta-nav\">&rarr;<\/span><\/a><\/p>\n","protected":false},"author":1,"featured_media":0,"parent":170,"menu_order":0,"comment_status":"closed","ping_status":"closed","template":"onecolumn-page.php","meta":{"footnotes":""},"class_list":["post-1639","page","type-page","status-publish","hentry"],"_links":{"self":[{"href":"https:\/\/malcolmserben.de\/index.php?rest_route=\/wp\/v2\/pages\/1639","targetHints":{"allow":["GET"]}}],"collection":[{"href":"https:\/\/malcolmserben.de\/index.php?rest_route=\/wp\/v2\/pages"}],"about":[{"href":"https:\/\/malcolmserben.de\/index.php?rest_route=\/wp\/v2\/types\/page"}],"author":[{"embeddable":true,"href":"https:\/\/malcolmserben.de\/index.php?rest_route=\/wp\/v2\/users\/1"}],"replies":[{"embeddable":true,"href":"https:\/\/malcolmserben.de\/index.php?rest_route=%2Fwp%2Fv2%2Fcomments&post=1639"}],"version-history":[{"count":5,"href":"https:\/\/malcolmserben.de\/index.php?rest_route=\/wp\/v2\/pages\/1639\/revisions"}],"predecessor-version":[{"id":1648,"href":"https:\/\/malcolmserben.de\/index.php?rest_route=\/wp\/v2\/pages\/1639\/revisions\/1648"}],"up":[{"embeddable":true,"href":"https:\/\/malcolmserben.de\/index.php?rest_route=\/wp\/v2\/pages\/170"}],"wp:attachment":[{"href":"https:\/\/malcolmserben.de\/index.php?rest_route=%2Fwp%2Fv2%2Fmedia&parent=1639"}],"curies":[{"name":"wp","href":"https:\/\/api.w.org\/{rel}","templated":true}]}}