{"id":1634,"date":"2017-02-05T13:41:18","date_gmt":"2017-02-05T12:41:18","guid":{"rendered":"http:\/\/malcolmserben.de\/?page_id=1634"},"modified":"2017-02-05T15:58:40","modified_gmt":"2017-02-05T14:58:40","slug":"1634-2","status":"publish","type":"page","link":"https:\/\/malcolmserben.de\/?page_id=1634","title":{"rendered":"Cookies"},"content":{"rendered":"<hr>\n<p>Damit diese Webseite ordnungsgem\u00e4\u00df funktioniert, legen wir manchmal kleine Dateien \u2013 sogenannte Cookies \u2013 auf Ihrem Ger\u00e4t ab. Das ist bei den meisten Webseiten \u00fcblich.<\/p>\n<h2>Was sind Cookies?<\/h2>\n<p>Ein Cookie ist eine kleine Textdatei, die eine Webseite auf Ihrem Computer, Tablet oder Smartphone hinterl\u00e4sst, wenn Sie die Webseite nutzen. So kann sich die Webseite bestimmte Eingaben und Einstellungen (z. B. Login, Sprache, Schriftgr\u00f6\u00dfe und andere Anzeigepr\u00e4ferenzen) \u00fcber einen bestimmten Zeitraum \u201emerken\u201c, und Sie brauchen diese nicht bei jeder weiteren Nutzung und beim Navigieren in der Webseite erneut vorzunehmen.<\/p>\n<h2>Wie setzen wir Cookies ein?<\/h2>\n<p>Wir nutzen Cookies f\u00fcr folgende Sachverhalte:<\/p>\n<ul>\n<li>um Nutzer wiederzuerkennen,<\/li>\n<li>um wesentliche Funktionen der Webseite, die nutzerbezogene Daten erfordern, zu gew\u00e4hrleisten<\/li>\n<\/ul>\n<p>Daf\u00fcr setzen wir sitzungsbezogene und permanente Cookies ein.<br \/>\nBeispiel:<br \/>\nIn der Webseite verwenden wir Cookies, wenn Sie einen Kommentar zu einem Beitrag hinterlassen, um Sie wiederzuerkennen. Wenn Sie den n\u00e4chsten Kommentar innerhalb einer Sitzung erstellen wollen, werden Ihre nutzerbezogenen Angaben vorbelegt.<\/p>\n<h2>Nutzungshinweis:<\/h2>\n<p>Wir verwenden Cookies nicht f\u00fcr andere Zwecke, als die angegebenen. Mit der Nutzung der Webseite erkl\u00e4ren Sie dazu Ihre Zustimmung.<\/p>\n<hr>\n<p>&nbsp;<\/p>\n","protected":false},"excerpt":{"rendered":"<p>Damit diese Webseite ordnungsgem\u00e4\u00df funktioniert, legen wir manchmal kleine Dateien \u2013 sogenannte Cookies \u2013 auf Ihrem Ger\u00e4t ab. Das ist bei den meisten Webseiten \u00fcblich. Was sind Cookies? Ein Cookie ist eine kleine Textdatei, die eine Webseite auf Ihrem Computer, &hellip; <a href=\"https:\/\/malcolmserben.de\/?page_id=1634\">Weiterlesen <span class=\"meta-nav\">&rarr;<\/span><\/a><\/p>\n","protected":false},"author":1,"featured_media":0,"parent":170,"menu_order":0,"comment_status":"closed","ping_status":"closed","template":"onecolumn-page.php","meta":{"footnotes":""},"class_list":["post-1634","page","type-page","status-publish","hentry"],"_links":{"self":[{"href":"https:\/\/malcolmserben.de\/index.php?rest_route=\/wp\/v2\/pages\/1634","targetHints":{"allow":["GET"]}}],"collection":[{"href":"https:\/\/malcolmserben.de\/index.php?rest_route=\/wp\/v2\/pages"}],"about":[{"href":"https:\/\/malcolmserben.de\/index.php?rest_route=\/wp\/v2\/types\/page"}],"author":[{"embeddable":true,"href":"https:\/\/malcolmserben.de\/index.php?rest_route=\/wp\/v2\/users\/1"}],"replies":[{"embeddable":true,"href":"https:\/\/malcolmserben.de\/index.php?rest_route=%2Fwp%2Fv2%2Fcomments&post=1634"}],"version-history":[{"count":5,"href":"https:\/\/malcolmserben.de\/index.php?rest_route=\/wp\/v2\/pages\/1634\/revisions"}],"predecessor-version":[{"id":1649,"href":"https:\/\/malcolmserben.de\/index.php?rest_route=\/wp\/v2\/pages\/1634\/revisions\/1649"}],"up":[{"embeddable":true,"href":"https:\/\/malcolmserben.de\/index.php?rest_route=\/wp\/v2\/pages\/170"}],"wp:attachment":[{"href":"https:\/\/malcolmserben.de\/index.php?rest_route=%2Fwp%2Fv2%2Fmedia&parent=1634"}],"curies":[{"name":"wp","href":"https:\/\/api.w.org\/{rel}","templated":true}]}}