{"id":141,"date":"2014-11-11T14:50:57","date_gmt":"2014-11-11T13:50:57","guid":{"rendered":"http:\/\/malcolmserben.de\/?page_id=141"},"modified":"2016-01-18T12:37:22","modified_gmt":"2016-01-18T11:37:22","slug":"impressionen","status":"publish","type":"page","link":"https:\/\/malcolmserben.de\/?page_id=141","title":{"rendered":"Impressionen"},"content":{"rendered":"<hr \/>\n<h1>Westie-Impressionen<\/h1>\n<p>Fedja, Frodo und Filby von Sir Malcolms Erben<\/p>\n<p>Auf den Bildern sind sie 6 Wochen alt.<\/p>\n<p>Mutter: Wolke von Sir Malcolms Erben<br \/>\nVater: Starring Vladimir<\/p>\n<p><img loading=\"lazy\" decoding=\"async\" class=\"alignnone size-full wp-image-467\" src=\"https:\/\/malcolmserben.de\/wp-content\/images\/SAM_0493-e1421448656222.jpg\" width=\"600\" height=\"450\" srcset=\"https:\/\/malcolmserben.de\/wp-content\/images\/SAM_0493-e1421448656222.jpg 600w, https:\/\/malcolmserben.de\/wp-content\/images\/SAM_0493-e1421448656222-150x113.jpg 150w, https:\/\/malcolmserben.de\/wp-content\/images\/SAM_0493-e1421448656222-300x225.jpg 300w\" sizes=\"auto, (max-width: 600px) 100vw, 600px\" \/><\/p>\n<p><img loading=\"lazy\" decoding=\"async\" class=\"alignnone size-full wp-image-468\" src=\"https:\/\/malcolmserben.de\/wp-content\/images\/SAM_0494-e1421448795972.jpg\" width=\"600\" height=\"450\" srcset=\"https:\/\/malcolmserben.de\/wp-content\/images\/SAM_0494-e1421448795972.jpg 600w, https:\/\/malcolmserben.de\/wp-content\/images\/SAM_0494-e1421448795972-150x113.jpg 150w, https:\/\/malcolmserben.de\/wp-content\/images\/SAM_0494-e1421448795972-300x225.jpg 300w\" sizes=\"auto, (max-width: 600px) 100vw, 600px\" \/><\/p>\n<p><img loading=\"lazy\" decoding=\"async\" class=\"alignnone size-full wp-image-469\" src=\"https:\/\/malcolmserben.de\/wp-content\/images\/SAM_0495-e1421448758710.jpg\" width=\"600\" height=\"450\" srcset=\"https:\/\/malcolmserben.de\/wp-content\/images\/SAM_0495-e1421448758710.jpg 600w, https:\/\/malcolmserben.de\/wp-content\/images\/SAM_0495-e1421448758710-150x113.jpg 150w, https:\/\/malcolmserben.de\/wp-content\/images\/SAM_0495-e1421448758710-300x225.jpg 300w\" sizes=\"auto, (max-width: 600px) 100vw, 600px\" \/><\/p>\n<p><img loading=\"lazy\" decoding=\"async\" class=\"alignnone size-full wp-image-472\" src=\"https:\/\/malcolmserben.de\/wp-content\/images\/SAM_0512b-e1421448737370.jpg\" width=\"600\" height=\"450\" srcset=\"https:\/\/malcolmserben.de\/wp-content\/images\/SAM_0512b-e1421448737370.jpg 600w, https:\/\/malcolmserben.de\/wp-content\/images\/SAM_0512b-e1421448737370-150x113.jpg 150w, https:\/\/malcolmserben.de\/wp-content\/images\/SAM_0512b-e1421448737370-300x225.jpg 300w\" sizes=\"auto, (max-width: 600px) 100vw, 600px\" \/><\/p>\n<p>&nbsp;<\/p>\n<hr \/>\n<h1>Border-Impressionen<\/h1>\n<p>Am 30. April 2010 warf unsere Interchampion-H\u00fcndin <b>&#8222;Gesa von Sir Malcolms Erben&#8220; <\/b>nach dem Interchampion R\u00fcden <b>&#8222;Rasputin von der Bordermeute&#8220;<\/b> vier kr\u00e4ftige &#8211; bildsch\u00f6ne R\u00fcden.<\/p>\n<p>Hier sehen Sie unsere Gesa:<\/p>\n<p><img loading=\"lazy\" decoding=\"async\" class=\"alignnone size-full wp-image-535\" src=\"https:\/\/malcolmserben.de\/wp-content\/images\/gesa-e1421449352861.jpg\" alt=\"gesa\" width=\"181\" height=\"248\" srcset=\"https:\/\/malcolmserben.de\/wp-content\/images\/gesa-e1421449352861.jpg 181w, https:\/\/malcolmserben.de\/wp-content\/images\/gesa-e1421449352861-109x150.jpg 109w\" sizes=\"auto, (max-width: 181px) 100vw, 181px\" \/><\/p>\n<p>&nbsp;<\/p>\n<p>Hier sehen Sie die Welpen im Alter von 2 Tagen:<\/p>\n<p><img loading=\"lazy\" decoding=\"async\" class=\"alignnone size-full wp-image-537\" src=\"https:\/\/malcolmserben.de\/wp-content\/images\/SAM_0232-e1421449532202.jpg\" alt=\"SAM_0232\" width=\"220\" height=\"165\" srcset=\"https:\/\/malcolmserben.de\/wp-content\/images\/SAM_0232-e1421449532202.jpg 220w, https:\/\/malcolmserben.de\/wp-content\/images\/SAM_0232-e1421449532202-150x113.jpg 150w\" sizes=\"auto, (max-width: 220px) 100vw, 220px\" \/>\u00a0\u00a0\u00a0\u00a0\u00a0 <img loading=\"lazy\" decoding=\"async\" class=\"alignnone size-full wp-image-538\" src=\"https:\/\/malcolmserben.de\/wp-content\/images\/SAM_0240-e1421449506508.jpg\" alt=\"SAM_0240\" width=\"220\" height=\"165\" srcset=\"https:\/\/malcolmserben.de\/wp-content\/images\/SAM_0240-e1421449506508.jpg 219w, https:\/\/malcolmserben.de\/wp-content\/images\/SAM_0240-e1421449506508-150x112.jpg 150w\" sizes=\"auto, (max-width: 220px) 100vw, 220px\" \/><\/p>\n<p><img loading=\"lazy\" decoding=\"async\" class=\"alignnone size-full wp-image-539\" src=\"https:\/\/malcolmserben.de\/wp-content\/images\/SAM_0262-e1421449474808.jpg\" alt=\"SAM_0262\" width=\"220\" height=\"165\" srcset=\"https:\/\/malcolmserben.de\/wp-content\/images\/SAM_0262-e1421449474808.jpg 220w, https:\/\/malcolmserben.de\/wp-content\/images\/SAM_0262-e1421449474808-150x113.jpg 150w\" sizes=\"auto, (max-width: 220px) 100vw, 220px\" \/> \u00a0 \u00a0\u00a0 <img loading=\"lazy\" decoding=\"async\" class=\"alignnone size-full wp-image-540\" src=\"https:\/\/malcolmserben.de\/wp-content\/images\/SAM_0265-e1421449491380.jpg\" alt=\"SAM_0265\" width=\"220\" height=\"165\" srcset=\"https:\/\/malcolmserben.de\/wp-content\/images\/SAM_0265-e1421449491380.jpg 220w, https:\/\/malcolmserben.de\/wp-content\/images\/SAM_0265-e1421449491380-150x113.jpg 150w\" sizes=\"auto, (max-width: 220px) 100vw, 220px\" \/><\/p>\n<p>Hier im Alter von einer Woche:<\/p>\n<p><img loading=\"lazy\" decoding=\"async\" class=\"alignnone size-full wp-image-541\" src=\"https:\/\/malcolmserben.de\/wp-content\/images\/SAM_0269-e1421449724994.jpg\" alt=\"SAM_0269\" width=\"220\" height=\"165\" srcset=\"https:\/\/malcolmserben.de\/wp-content\/images\/SAM_0269-e1421449724994.jpg 220w, https:\/\/malcolmserben.de\/wp-content\/images\/SAM_0269-e1421449724994-150x113.jpg 150w\" sizes=\"auto, (max-width: 220px) 100vw, 220px\" \/>\u00a0\u00a0\u00a0\u00a0 <img loading=\"lazy\" decoding=\"async\" class=\"alignnone size-full wp-image-542\" src=\"https:\/\/malcolmserben.de\/wp-content\/images\/SAM_0273-e1421449710255.jpg\" alt=\"SAM_0273\" width=\"220\" height=\"165\" srcset=\"https:\/\/malcolmserben.de\/wp-content\/images\/SAM_0273-e1421449710255.jpg 220w, https:\/\/malcolmserben.de\/wp-content\/images\/SAM_0273-e1421449710255-150x113.jpg 150w\" sizes=\"auto, (max-width: 220px) 100vw, 220px\" \/><\/p>\n<hr \/>\n","protected":false},"excerpt":{"rendered":"<p>Westie-Impressionen Fedja, Frodo und Filby von Sir Malcolms Erben Auf den Bildern sind sie 6 Wochen alt. Mutter: Wolke von Sir Malcolms Erben Vater: Starring Vladimir &nbsp; Border-Impressionen Am 30. April 2010 warf unsere Interchampion-H\u00fcndin &#8222;Gesa von Sir Malcolms Erben&#8220; &hellip; <a href=\"https:\/\/malcolmserben.de\/?page_id=141\">Weiterlesen <span class=\"meta-nav\">&rarr;<\/span><\/a><\/p>\n","protected":false},"author":1,"featured_media":0,"parent":4,"menu_order":0,"comment_status":"closed","ping_status":"closed","template":"onecolumn-page.php","meta":{"footnotes":""},"class_list":["post-141","page","type-page","status-publish","hentry"],"_links":{"self":[{"href":"https:\/\/malcolmserben.de\/index.php?rest_route=\/wp\/v2\/pages\/141","targetHints":{"allow":["GET"]}}],"collection":[{"href":"https:\/\/malcolmserben.de\/index.php?rest_route=\/wp\/v2\/pages"}],"about":[{"href":"https:\/\/malcolmserben.de\/index.php?rest_route=\/wp\/v2\/types\/page"}],"author":[{"embeddable":true,"href":"https:\/\/malcolmserben.de\/index.php?rest_route=\/wp\/v2\/users\/1"}],"replies":[{"embeddable":true,"href":"https:\/\/malcolmserben.de\/index.php?rest_route=%2Fwp%2Fv2%2Fcomments&post=141"}],"version-history":[{"count":12,"href":"https:\/\/malcolmserben.de\/index.php?rest_route=\/wp\/v2\/pages\/141\/revisions"}],"predecessor-version":[{"id":1567,"href":"https:\/\/malcolmserben.de\/index.php?rest_route=\/wp\/v2\/pages\/141\/revisions\/1567"}],"up":[{"embeddable":true,"href":"https:\/\/malcolmserben.de\/index.php?rest_route=\/wp\/v2\/pages\/4"}],"wp:attachment":[{"href":"https:\/\/malcolmserben.de\/index.php?rest_route=%2Fwp%2Fv2%2Fmedia&parent=141"}],"curies":[{"name":"wp","href":"https:\/\/api.w.org\/{rel}","templated":true}]}}